{"id":1083,"date":"2022-04-17T11:35:54","date_gmt":"2022-04-17T09:35:54","guid":{"rendered":"https:\/\/demo.mourguesdugres.com\/?page_id=1083"},"modified":"2024-11-30T17:21:26","modified_gmt":"2024-11-30T16:21:26","slug":"notre-actualite","status":"publish","type":"page","link":"https:\/\/www.mourguesdugres.com\/en\/notre-actualite","title":{"rendered":"Notre actualit\u00e9"},"content":{"rendered":"\t\t<div data-elementor-type=\"wp-page\" data-elementor-id=\"1083\" class=\"elementor elementor-1083\" data-elementor-post-type=\"page\">\n\t\t\t\t\t\t<section class=\"elementor-section elementor-top-section elementor-element elementor-element-8ef8e4a elementor-section-boxed elementor-section-height-default elementor-section-height-default\" data-id=\"8ef8e4a\" data-element_type=\"section\" data-e-type=\"section\">\n\t\t\t\t\t\t<div class=\"elementor-container elementor-column-gap-default\">\n\t\t\t\t\t<div class=\"elementor-column elementor-col-100 elementor-top-column elementor-element elementor-element-060a570\" data-id=\"060a570\" data-element_type=\"column\" data-e-type=\"column\">\n\t\t\t<div class=\"elementor-widget-wrap elementor-element-populated\">\n\t\t\t\t\t\t<div class=\"elementor-element elementor-element-34dab32 elementor-headline--style-highlight elementor-widget elementor-widget-animated-headline\" data-id=\"34dab32\" data-element_type=\"widget\" data-e-type=\"widget\" data-settings=\"{&quot;marker&quot;:&quot;underline&quot;,&quot;highlighted_text&quot;:&quot;\\u00e9v\\u00e8nements&quot;,&quot;headline_style&quot;:&quot;highlight&quot;,&quot;loop&quot;:&quot;yes&quot;,&quot;highlight_animation_duration&quot;:1200,&quot;highlight_iteration_delay&quot;:8000}\" data-widget_type=\"animated-headline.default\">\n\t\t\t\t<div class=\"elementor-widget-container\">\n\t\t\t\t\t\t\t<h1 class=\"elementor-headline\">\n\t\t\t\t\t<span class=\"elementor-headline-plain-text elementor-headline-text-wrapper\">Agenda des<\/span>\n\t\t\t\t<span class=\"elementor-headline-dynamic-wrapper elementor-headline-text-wrapper\">\n\t\t\t\t\t<span class=\"elementor-headline-dynamic-text elementor-headline-text-active\">\u00e9v\u00e8nements<\/span>\n\t\t\t\t<\/span>\n\t\t\t\t<\/h1>\n\t\t\t\t\t\t<\/div>\n\t\t\t\t<\/div>\n\t\t\t\t<div class=\"elementor-element elementor-element-1db5849 elementor-widget-divider--view-line elementor-widget elementor-widget-divider\" data-id=\"1db5849\" data-element_type=\"widget\" data-e-type=\"widget\" data-widget_type=\"divider.default\">\n\t\t\t\t<div class=\"elementor-widget-container\">\n\t\t\t\t\t\t\t<div class=\"elementor-divider\">\n\t\t\t<span class=\"elementor-divider-separator\">\n\t\t\t\t\t\t<\/span>\n\t\t<\/div>\n\t\t\t\t\t\t<\/div>\n\t\t\t\t<\/div>\n\t\t\t\t\t<\/div>\n\t\t<\/div>\n\t\t\t\t\t<\/div>\n\t\t<\/section>\n\t\t\t\t<section class=\"elementor-section elementor-top-section elementor-element elementor-element-f525734 elementor-section-content-middle elementor-section-boxed elementor-section-height-default elementor-section-height-default\" data-id=\"f525734\" data-element_type=\"section\" data-e-type=\"section\">\n\t\t\t\t\t\t<div class=\"elementor-container elementor-column-gap-default\">\n\t\t\t\t\t<div class=\"elementor-column elementor-col-100 elementor-top-column elementor-element elementor-element-270d6b6\" data-id=\"270d6b6\" data-element_type=\"column\" data-e-type=\"column\">\n\t\t\t<div class=\"elementor-widget-wrap elementor-element-populated\">\n\t\t\t\t\t\t<div class=\"elementor-element elementor-element-1d6d57a elementor-widget elementor-widget-sina_blogpost\" data-id=\"1d6d57a\" data-element_type=\"widget\" data-e-type=\"widget\" data-widget_type=\"sina_blogpost.default\">\n\t\t\t\t<div class=\"elementor-widget-container\">\n\t\t\t\t\t\t\t\t<div class=\"sina-blogpost sina-bp-1d6d57a\"\r\n\t\t\tdata-uid=\"1d6d57a\"\r\n\t\t\tdata-offset=\"12\"\r\n\t\t\tdata-posts-data='{\"post_type\":\"post\",\"posts_num\":12,\"offset\":12,\"total_posts\":24,\"layout\":\"grid\",\"columns\":\"4\",\"layout_type\":\"default\",\"custom_columns\":null,\"categories\":[\"49\"],\"tags\":\"\",\"order_by\":\"date\",\"sort\":\"DESC\",\"posts_text\":\"\",\"excerpt\":null,\"content_length\":null,\"posts_meta\":\"\",\"thumb_right\":null,\"is_thumb\":\"yes\",\"read_more_effect\":\"\",\"read_more_text\":\"\",\"read_more_icon\":\"\",\"read_more_icon_align\":null,\"effects\":\"\",\"cats_position\":null,\"cats_icon\":null,\"posts_avatar\":null,\"avatar_size\":null,\"read_btn_bg_layer_effects\":null,\"bg_layer_effects\":\"\"}'>\r\n\t\t\t\t<div class=\"sina-bp-grid\">\r\n\t\t\t\t\t<div class=\"sina-bp-grid-sizer\"><\/div>\r\n\t\t\t\t\t\t\t\t\t\t\t\t<div class=\"sina-bp-col sina-bp-item-4 \">\r\n\t\t<div class=\"sina-bp \">\r\n\t\t\t\t\t\t\t<div class=\"sina-bg-thumb\">\r\n\t\t\t\t\t<img decoding=\"async\" src=\"https:\/\/www.mourguesdugres.com\/wp-content\/uploads\/2026\/04\/Yoga-dans-les-vignes-degustation-vins-domaine-viticole.png\" alt=\"Yoga dans les vignes &amp; D\u00e9gustation de vins (Girls only) sur r\u00e9servation le 9 mai 9h30-12h30\">\r\n\t\t\t\t\t<div class=\"sina-overlay\">\r\n\t\t\t\t\t\t<a href=\"https:\/\/www.mourguesdugres.com\/en\/yoga-dans-les-vignes-degustation-de-vins-girls-only-sur-reservation\"><\/a>\r\n\t\t\t\t\t<\/div>\r\n\t\t\t\t<\/div>\r\n\t\t\t\t\t\t<div class=\"sina-bp-content\">\r\n\t\t\t\t\t\t\t\t<h2 class=\"sina-bp-title\">\r\n\t\t\t\t\t<a href=\"https:\/\/www.mourguesdugres.com\/en\/yoga-dans-les-vignes-degustation-de-vins-girls-only-sur-reservation\">Yoga dans les vignes &amp; D\u00e9gustation de vins (Girls only) sur r\u00e9servation le 9 mai 9h30-12h30<\/a>\r\n\t\t\t\t<\/h2>\r\n\t\t\t\t\r\n\t\t\t\t\r\n\t\t\t\t\t\t\t\t\t\t\t<\/div>\r\n\t\t<\/div>\r\n\t<\/div>\r\n\t<div class=\"sina-bp-col sina-bp-item-4 \">\r\n\t\t<div class=\"sina-bp \">\r\n\t\t\t\t\t\t\t<div class=\"sina-bg-thumb\">\r\n\t\t\t\t\t<img decoding=\"async\" src=\"https:\/\/www.mourguesdugres.com\/wp-content\/uploads\/2026\/02\/Affiche-expo-14-mars.jpg\" alt=\"Po\u00e9sie du quotidien &#8211; VERNISSAGE 14 mars 17h-19h\">\r\n\t\t\t\t\t<div class=\"sina-overlay\">\r\n\t\t\t\t\t\t<a href=\"https:\/\/www.mourguesdugres.com\/en\/poesie-du-quotidien-vernissage-14-mars-17h-19h\"><\/a>\r\n\t\t\t\t\t<\/div>\r\n\t\t\t\t<\/div>\r\n\t\t\t\t\t\t<div class=\"sina-bp-content\">\r\n\t\t\t\t\t\t\t\t<h2 class=\"sina-bp-title\">\r\n\t\t\t\t\t<a href=\"https:\/\/www.mourguesdugres.com\/en\/poesie-du-quotidien-vernissage-14-mars-17h-19h\">Po\u00e9sie du quotidien &#8211; VERNISSAGE 14 mars 17h-19h<\/a>\r\n\t\t\t\t<\/h2>\r\n\t\t\t\t\r\n\t\t\t\t\r\n\t\t\t\t\t\t\t\t\t\t\t<\/div>\r\n\t\t<\/div>\r\n\t<\/div>\r\n\t<div class=\"sina-bp-col sina-bp-item-4 \">\r\n\t\t<div class=\"sina-bp \">\r\n\t\t\t\t\t\t\t<div class=\"sina-bg-thumb\">\r\n\t\t\t\t\t<img decoding=\"async\" src=\"https:\/\/www.mourguesdugres.com\/wp-content\/uploads\/2025\/05\/23-mai-Cogard-1.png\" alt=\"Matin\u00e9e d\u2019observation ornithologique au domaine le 23 mai 8h30\">\r\n\t\t\t\t\t<div class=\"sina-overlay\">\r\n\t\t\t\t\t\t<a href=\"https:\/\/www.mourguesdugres.com\/en\/matinee-dobservation-ornithologique-au-domaine\"><\/a>\r\n\t\t\t\t\t<\/div>\r\n\t\t\t\t<\/div>\r\n\t\t\t\t\t\t<div class=\"sina-bp-content\">\r\n\t\t\t\t\t\t\t\t<h2 class=\"sina-bp-title\">\r\n\t\t\t\t\t<a href=\"https:\/\/www.mourguesdugres.com\/en\/matinee-dobservation-ornithologique-au-domaine\">Matin\u00e9e d\u2019observation ornithologique au domaine le 23 mai 8h30<\/a>\r\n\t\t\t\t<\/h2>\r\n\t\t\t\t\r\n\t\t\t\t\r\n\t\t\t\t\t\t\t\t\t\t\t<\/div>\r\n\t\t<\/div>\r\n\t<\/div>\r\n\t<div class=\"sina-bp-col sina-bp-item-4 \">\r\n\t\t<div class=\"sina-bp \">\r\n\t\t\t\t\t\t\t<div class=\"sina-bg-thumb\">\r\n\t\t\t\t\t<img decoding=\"async\" src=\"https:\/\/www.mourguesdugres.com\/wp-content\/uploads\/2025\/03\/Mourgues-1.png\" alt=\"Concert de l&rsquo;orchestre Guitares &amp; Co &#8211; Samedi 5 Avril \u00e0 19h\">\r\n\t\t\t\t\t<div class=\"sina-overlay\">\r\n\t\t\t\t\t\t<a href=\"https:\/\/www.mourguesdugres.com\/en\/%f0%9f%8e%b8-guitares-co-au-chateau-mourgues-du-gres-quand-la-musique-rencontre-le-vin-%f0%9f%8d%b7%f0%9f%8e%b6\"><\/a>\r\n\t\t\t\t\t<\/div>\r\n\t\t\t\t<\/div>\r\n\t\t\t\t\t\t<div class=\"sina-bp-content\">\r\n\t\t\t\t\t\t\t\t<h2 class=\"sina-bp-title\">\r\n\t\t\t\t\t<a href=\"https:\/\/www.mourguesdugres.com\/en\/%f0%9f%8e%b8-guitares-co-au-chateau-mourgues-du-gres-quand-la-musique-rencontre-le-vin-%f0%9f%8d%b7%f0%9f%8e%b6\">Concert de l&rsquo;orchestre Guitares &amp; Co &#8211; Samedi 5 Avril \u00e0 19h<\/a>\r\n\t\t\t\t<\/h2>\r\n\t\t\t\t\r\n\t\t\t\t\r\n\t\t\t\t\t\t\t\t\t\t\t<\/div>\r\n\t\t<\/div>\r\n\t<\/div>\r\n\t<div class=\"sina-bp-col sina-bp-item-4 \">\r\n\t\t<div class=\"sina-bp \">\r\n\t\t\t\t\t\t\t<div class=\"sina-bg-thumb\">\r\n\t\t\t\t\t<img decoding=\"async\" src=\"https:\/\/www.mourguesdugres.com\/wp-content\/uploads\/2025\/01\/Degustation-Sensorielle-site-agenda.png\" alt=\"D\u00e9gustation Sensorielle au c\u0153ur du vignoble le 14 f\u00e9vrier 2025 \u00e0 17h\">\r\n\t\t\t\t\t<div class=\"sina-overlay\">\r\n\t\t\t\t\t\t<a href=\"https:\/\/www.mourguesdugres.com\/en\/degustation-sensorielle-le-14-fevrier-a-17h\"><\/a>\r\n\t\t\t\t\t<\/div>\r\n\t\t\t\t<\/div>\r\n\t\t\t\t\t\t<div class=\"sina-bp-content\">\r\n\t\t\t\t\t\t\t\t<h2 class=\"sina-bp-title\">\r\n\t\t\t\t\t<a href=\"https:\/\/www.mourguesdugres.com\/en\/degustation-sensorielle-le-14-fevrier-a-17h\">D\u00e9gustation Sensorielle au c\u0153ur du vignoble le 14 f\u00e9vrier 2025 \u00e0 17h<\/a>\r\n\t\t\t\t<\/h2>\r\n\t\t\t\t\r\n\t\t\t\t\r\n\t\t\t\t\t\t\t\t\t\t\t<\/div>\r\n\t\t<\/div>\r\n\t<\/div>\r\n\t<div class=\"sina-bp-col sina-bp-item-4 \">\r\n\t\t<div class=\"sina-bp \">\r\n\t\t\t\t\t\t\t<div class=\"sina-bg-thumb\">\r\n\t\t\t\t\t<img decoding=\"async\" src=\"https:\/\/www.mourguesdugres.com\/wp-content\/uploads\/2024\/11\/cogard.png\" alt=\"Exposition \u00ab\u00a0reGard naturel\u00a0\u00bb du 15 novembre au 30 janvier\">\r\n\t\t\t\t\t<div class=\"sina-overlay\">\r\n\t\t\t\t\t\t<a href=\"https:\/\/www.mourguesdugres.com\/en\/exposition-regard-naturel-du-15-novembre-au-30-janvier\"><\/a>\r\n\t\t\t\t\t<\/div>\r\n\t\t\t\t<\/div>\r\n\t\t\t\t\t\t<div class=\"sina-bp-content\">\r\n\t\t\t\t\t\t\t\t<h2 class=\"sina-bp-title\">\r\n\t\t\t\t\t<a href=\"https:\/\/www.mourguesdugres.com\/en\/exposition-regard-naturel-du-15-novembre-au-30-janvier\">Exposition \u00ab\u00a0reGard naturel\u00a0\u00bb du 15 novembre au 30 janvier<\/a>\r\n\t\t\t\t<\/h2>\r\n\t\t\t\t\r\n\t\t\t\t\r\n\t\t\t\t\t\t\t\t\t\t\t<\/div>\r\n\t\t<\/div>\r\n\t<\/div>\r\n\t<div class=\"sina-bp-col sina-bp-item-4 \">\r\n\t\t<div class=\"sina-bp \">\r\n\t\t\t\t\t\t\t<div class=\"sina-bg-thumb\">\r\n\t\t\t\t\t<img decoding=\"async\" src=\"https:\/\/www.mourguesdugres.com\/wp-content\/uploads\/2024\/09\/Visuel-Degustation-sensorielle.png\" alt=\"D\u00e9gustation sensorielle au c\u0153ur des vignes &#8211; Samedi 5 octobre 2024\">\r\n\t\t\t\t\t<div class=\"sina-overlay\">\r\n\t\t\t\t\t\t<a href=\"https:\/\/www.mourguesdugres.com\/en\/degustation-sensorielle-au-coeur-des-vignes-samedi-5-octobre-2024\"><\/a>\r\n\t\t\t\t\t<\/div>\r\n\t\t\t\t<\/div>\r\n\t\t\t\t\t\t<div class=\"sina-bp-content\">\r\n\t\t\t\t\t\t\t\t<h2 class=\"sina-bp-title\">\r\n\t\t\t\t\t<a href=\"https:\/\/www.mourguesdugres.com\/en\/degustation-sensorielle-au-coeur-des-vignes-samedi-5-octobre-2024\">D\u00e9gustation sensorielle au c\u0153ur des vignes &#8211; Samedi 5 octobre 2024<\/a>\r\n\t\t\t\t<\/h2>\r\n\t\t\t\t\r\n\t\t\t\t\r\n\t\t\t\t\t\t\t\t\t\t\t<\/div>\r\n\t\t<\/div>\r\n\t<\/div>\r\n\t<div class=\"sina-bp-col sina-bp-item-4 \">\r\n\t\t<div class=\"sina-bp \">\r\n\t\t\t\t\t\t\t<div class=\"sina-bg-thumb\">\r\n\t\t\t\t\t<img decoding=\"async\" src=\"https:\/\/www.mourguesdugres.com\/wp-content\/uploads\/2024\/09\/Visuel-events.jpg\" alt=\"Journ\u00e9e du Patrimoine 2024 &#8211; Samedi 21 septembre 2024\">\r\n\t\t\t\t\t<div class=\"sina-overlay\">\r\n\t\t\t\t\t\t<a href=\"https:\/\/www.mourguesdugres.com\/en\/journee-du-patrimoine-2024-samedi-21-septembre-2024\"><\/a>\r\n\t\t\t\t\t<\/div>\r\n\t\t\t\t<\/div>\r\n\t\t\t\t\t\t<div class=\"sina-bp-content\">\r\n\t\t\t\t\t\t\t\t<h2 class=\"sina-bp-title\">\r\n\t\t\t\t\t<a href=\"https:\/\/www.mourguesdugres.com\/en\/journee-du-patrimoine-2024-samedi-21-septembre-2024\">Journ\u00e9e du Patrimoine 2024 &#8211; Samedi 21 septembre 2024<\/a>\r\n\t\t\t\t<\/h2>\r\n\t\t\t\t\r\n\t\t\t\t\r\n\t\t\t\t\t\t\t\t\t\t\t<\/div>\r\n\t\t<\/div>\r\n\t<\/div>\r\n\t<div class=\"sina-bp-col sina-bp-item-4 \">\r\n\t\t<div class=\"sina-bp \">\r\n\t\t\t\t\t\t\t<div class=\"sina-bg-thumb\">\r\n\t\t\t\t\t<img decoding=\"async\" src=\"https:\/\/www.mourguesdugres.com\/wp-content\/uploads\/2024\/03\/Affiche-2024-Maggio-Guitares-and-Co.jpg\" alt=\"Concert de l\u2019orchestre Guitares &amp; Co \u2013 Samedi 30 mars 2024\">\r\n\t\t\t\t\t<div class=\"sina-overlay\">\r\n\t\t\t\t\t\t<a href=\"https:\/\/www.mourguesdugres.com\/en\/concert-de-lorchestre-guitares-co-samedi-30-mars-2024\"><\/a>\r\n\t\t\t\t\t<\/div>\r\n\t\t\t\t<\/div>\r\n\t\t\t\t\t\t<div class=\"sina-bp-content\">\r\n\t\t\t\t\t\t\t\t<h2 class=\"sina-bp-title\">\r\n\t\t\t\t\t<a href=\"https:\/\/www.mourguesdugres.com\/en\/concert-de-lorchestre-guitares-co-samedi-30-mars-2024\">Concert de l\u2019orchestre Guitares &amp; Co \u2013 Samedi 30 mars 2024<\/a>\r\n\t\t\t\t<\/h2>\r\n\t\t\t\t\r\n\t\t\t\t\r\n\t\t\t\t\t\t\t\t\t\t\t<\/div>\r\n\t\t<\/div>\r\n\t<\/div>\r\n\t<div class=\"sina-bp-col sina-bp-item-4 \">\r\n\t\t<div class=\"sina-bp \">\r\n\t\t\t\t\t\t\t<div class=\"sina-bg-thumb\">\r\n\t\t\t\t\t<img decoding=\"async\" src=\"https:\/\/www.mourguesdugres.com\/wp-content\/uploads\/2023\/09\/Affiche-A4-observation-ornitho-1.jpg\" alt=\"Matin\u00e9e d&rsquo;observation des oiseaux &#8211; Samedi 30 septembre 2023\">\r\n\t\t\t\t\t<div class=\"sina-overlay\">\r\n\t\t\t\t\t\t<a href=\"https:\/\/www.mourguesdugres.com\/en\/matinee-dobservation-des-oiseaux-samedi-30-septembre-2023\"><\/a>\r\n\t\t\t\t\t<\/div>\r\n\t\t\t\t<\/div>\r\n\t\t\t\t\t\t<div class=\"sina-bp-content\">\r\n\t\t\t\t\t\t\t\t<h2 class=\"sina-bp-title\">\r\n\t\t\t\t\t<a href=\"https:\/\/www.mourguesdugres.com\/en\/matinee-dobservation-des-oiseaux-samedi-30-septembre-2023\">Matin\u00e9e d&rsquo;observation des oiseaux &#8211; Samedi 30 septembre 2023<\/a>\r\n\t\t\t\t<\/h2>\r\n\t\t\t\t\r\n\t\t\t\t\r\n\t\t\t\t\t\t\t\t\t\t\t<\/div>\r\n\t\t<\/div>\r\n\t<\/div>\r\n\t<div class=\"sina-bp-col sina-bp-item-4 \">\r\n\t\t<div class=\"sina-bp \">\r\n\t\t\t\t\t\t\t<div class=\"sina-bg-thumb\">\r\n\t\t\t\t\t<img decoding=\"async\" src=\"https:\/\/www.mourguesdugres.com\/wp-content\/uploads\/2023\/08\/Visuel-events-1.jpg\" alt=\"Journ\u00e9e du patrimoine &#8211; Samedi 16 Septembre 2023\">\r\n\t\t\t\t\t<div class=\"sina-overlay\">\r\n\t\t\t\t\t\t<a href=\"https:\/\/www.mourguesdugres.com\/en\/elementor-7958\"><\/a>\r\n\t\t\t\t\t<\/div>\r\n\t\t\t\t<\/div>\r\n\t\t\t\t\t\t<div class=\"sina-bp-content\">\r\n\t\t\t\t\t\t\t\t<h2 class=\"sina-bp-title\">\r\n\t\t\t\t\t<a href=\"https:\/\/www.mourguesdugres.com\/en\/elementor-7958\">Journ\u00e9e du patrimoine &#8211; Samedi 16 Septembre 2023<\/a>\r\n\t\t\t\t<\/h2>\r\n\t\t\t\t\r\n\t\t\t\t\r\n\t\t\t\t\t\t\t\t\t\t\t<\/div>\r\n\t\t<\/div>\r\n\t<\/div>\r\n\t<div class=\"sina-bp-col sina-bp-item-4 \">\r\n\t\t<div class=\"sina-bp \">\r\n\t\t\t\t\t\t\t<div class=\"sina-bg-thumb\">\r\n\t\t\t\t\t<img decoding=\"async\" src=\"https:\/\/www.mourguesdugres.com\/wp-content\/uploads\/2023\/07\/Degustation.jpg\" alt=\"D\u00e9gustons autrement \u00c9t\u00e9 2023 !\">\r\n\t\t\t\t\t<div class=\"sina-overlay\">\r\n\t\t\t\t\t\t<a href=\"https:\/\/www.mourguesdugres.com\/en\/degustons-autrement\"><\/a>\r\n\t\t\t\t\t<\/div>\r\n\t\t\t\t<\/div>\r\n\t\t\t\t\t\t<div class=\"sina-bp-content\">\r\n\t\t\t\t\t\t\t\t<h2 class=\"sina-bp-title\">\r\n\t\t\t\t\t<a href=\"https:\/\/www.mourguesdugres.com\/en\/degustons-autrement\">D\u00e9gustons autrement \u00c9t\u00e9 2023 !<\/a>\r\n\t\t\t\t<\/h2>\r\n\t\t\t\t\r\n\t\t\t\t\r\n\t\t\t\t\t\t\t\t\t\t\t<\/div>\r\n\t\t<\/div>\r\n\t<\/div>\r\n\t\t\t\t\t\t\t\t\t\t\t\t\t\t<\/div>\r\n\r\n\t\t\t\t\r\n\t\t\t\t\t\t\t\t\t<div class=\"sina-bp-pagination\">\r\n\t\t\t\t\t\t<a aria-current=\"page\" class=\"page-numbers current\">1<\/a>\n<a class=\"page-numbers\" href=\"https:\/\/www.mourguesdugres.com\/en\/wp-json\/wp\/v2\/pages\/1083\/page\/2\">2<\/a>\t\t\t\t\t<\/div>\r\n\t\t\t\t\t\t\t\t<input type=\"hidden\" id=\"sina_load_more_posts1d6d57a\" name=\"sina_load_more_posts1d6d57a\" value=\"d51ffd4ed8\" \/><input type=\"hidden\" name=\"_wp_http_referer\" value=\"\/en\/wp-json\/wp\/v2\/pages\/1083\" \/>\t\t\t<\/div><!-- .sina-blogpost -->\r\n\t\t\t\t\t\t\t<\/div>\n\t\t\t\t<\/div>\n\t\t\t\t\t<\/div>\n\t\t<\/div>\n\t\t\t\t\t<\/div>\n\t\t<\/section>\n\t\t\t\t<\/div>\n\t\t","protected":false},"excerpt":{"rendered":"<p>Agenda des \u00e9v\u00e8nements D\u00e9gustation sensorielle au c\u0153ur des vignes &#8211; Samedi 5 octobre 2024 Journ\u00e9e du Patrimoine 2024 &#8211; Samedi 21 septembre 2024 Concert de l\u2019orchestre Guitares &amp; Co \u2013 Samedi 30 mars 2024 Matin\u00e9e d&rsquo;observation des oiseaux &#8211; Samedi 30 septembre 2023 Journ\u00e9e du patrimoine &#8211; Samedi 16 Septembre 2023 D\u00e9gustons autrement \u00c9t\u00e9 2023 [&hellip;]<\/p>\n","protected":false},"author":1,"featured_media":0,"parent":0,"menu_order":0,"comment_status":"closed","ping_status":"closed","template":"","meta":{"site-sidebar-layout":"no-sidebar","site-content-layout":"page-builder","ast-site-content-layout":"default","site-content-style":"default","site-sidebar-style":"default","ast-global-header-display":"","ast-banner-title-visibility":"","ast-main-header-display":"","ast-hfb-above-header-display":"","ast-hfb-below-header-display":"","ast-hfb-mobile-header-display":"","site-post-title":"disabled","ast-breadcrumbs-content":"","ast-featured-img":"disabled","footer-sml-layout":"","ast-disable-related-posts":"","theme-transparent-header-meta":"","adv-header-id-meta":"","stick-header-meta":"","header-above-stick-meta":"","header-main-stick-meta":"","header-below-stick-meta":"","astra-migrate-meta-layouts":"default","ast-page-background-enabled":"default","ast-page-background-meta":{"desktop":{"background-color":"","background-image":"","background-repeat":"repeat","background-position":"center center","background-size":"auto","background-attachment":"scroll","background-type":"","background-media":"","overlay-type":"","overlay-color":"","overlay-opacity":"","overlay-gradient":""},"tablet":{"background-color":"","background-image":"","background-repeat":"repeat","background-position":"center center","background-size":"auto","background-attachment":"scroll","background-type":"","background-media":"","overlay-type":"","overlay-color":"","overlay-opacity":"","overlay-gradient":""},"mobile":{"background-color":"","background-image":"","background-repeat":"repeat","background-position":"center center","background-size":"auto","background-attachment":"scroll","background-type":"","background-media":"","overlay-type":"","overlay-color":"","overlay-opacity":"","overlay-gradient":""}},"ast-content-background-meta":{"desktop":{"background-color":"var(--ast-global-color-5)","background-image":"","background-repeat":"repeat","background-position":"center center","background-size":"auto","background-attachment":"scroll","background-type":"","background-media":"","overlay-type":"","overlay-color":"","overlay-opacity":"","overlay-gradient":""},"tablet":{"background-color":"var(--ast-global-color-5)","background-image":"","background-repeat":"repeat","background-position":"center center","background-size":"auto","background-attachment":"scroll","background-type":"","background-media":"","overlay-type":"","overlay-color":"","overlay-opacity":"","overlay-gradient":""},"mobile":{"background-color":"var(--ast-global-color-5)","background-image":"","background-repeat":"repeat","background-position":"center center","background-size":"auto","background-attachment":"scroll","background-type":"","background-media":"","overlay-type":"","overlay-color":"","overlay-opacity":"","overlay-gradient":""}},"footnotes":""},"class_list":["post-1083","page","type-page","status-publish","hentry"],"_links":{"self":[{"href":"https:\/\/www.mourguesdugres.com\/en\/wp-json\/wp\/v2\/pages\/1083","targetHints":{"allow":["GET"]}}],"collection":[{"href":"https:\/\/www.mourguesdugres.com\/en\/wp-json\/wp\/v2\/pages"}],"about":[{"href":"https:\/\/www.mourguesdugres.com\/en\/wp-json\/wp\/v2\/types\/page"}],"author":[{"embeddable":true,"href":"https:\/\/www.mourguesdugres.com\/en\/wp-json\/wp\/v2\/users\/1"}],"replies":[{"embeddable":true,"href":"https:\/\/www.mourguesdugres.com\/en\/wp-json\/wp\/v2\/comments?post=1083"}],"version-history":[{"count":74,"href":"https:\/\/www.mourguesdugres.com\/en\/wp-json\/wp\/v2\/pages\/1083\/revisions"}],"predecessor-version":[{"id":8565,"href":"https:\/\/www.mourguesdugres.com\/en\/wp-json\/wp\/v2\/pages\/1083\/revisions\/8565"}],"wp:attachment":[{"href":"https:\/\/www.mourguesdugres.com\/en\/wp-json\/wp\/v2\/media?parent=1083"}],"curies":[{"name":"wp","href":"https:\/\/api.w.org\/{rel}","templated":true}]}}