{"id":1085,"date":"2022-04-17T11:36:16","date_gmt":"2022-04-17T09:36:16","guid":{"rendered":"https:\/\/demo.mourguesdugres.com\/?page_id=1085"},"modified":"2024-09-13T11:43:54","modified_gmt":"2024-09-13T09:43:54","slug":"presse","status":"publish","type":"page","link":"https:\/\/www.mourguesdugres.com\/en\/presse","title":{"rendered":"Press"},"content":{"rendered":"\t\t<div data-elementor-type=\"wp-page\" data-elementor-id=\"1085\" class=\"elementor elementor-1085\" data-elementor-post-type=\"page\">\n\t\t\t\t\t\t<section class=\"elementor-section elementor-top-section elementor-element elementor-element-9dcfd36 elementor-section-boxed elementor-section-height-default elementor-section-height-default\" data-id=\"9dcfd36\" data-element_type=\"section\" data-e-type=\"section\">\n\t\t\t\t\t\t<div class=\"elementor-container elementor-column-gap-default\">\n\t\t\t\t\t<div class=\"elementor-column elementor-col-100 elementor-top-column elementor-element elementor-element-f9f4b92\" data-id=\"f9f4b92\" data-element_type=\"column\" data-e-type=\"column\">\n\t\t\t<div class=\"elementor-widget-wrap elementor-element-populated\">\n\t\t\t\t\t\t<div class=\"elementor-element elementor-element-bde2ea9 elementor-headline--style-highlight elementor-widget elementor-widget-animated-headline\" data-id=\"bde2ea9\" data-element_type=\"widget\" data-e-type=\"widget\" data-settings=\"{&quot;marker&quot;:&quot;underline&quot;,&quot;highlighted_text&quot;:&quot;dans la presse&quot;,&quot;headline_style&quot;:&quot;highlight&quot;,&quot;loop&quot;:&quot;yes&quot;,&quot;highlight_animation_duration&quot;:1200,&quot;highlight_iteration_delay&quot;:8000}\" data-widget_type=\"animated-headline.default\">\n\t\t\t\t<div class=\"elementor-widget-container\">\n\t\t\t\t\t\t\t<h1 class=\"elementor-headline\">\n\t\t\t\t\t<span class=\"elementor-headline-plain-text elementor-headline-text-wrapper\">Mourgues du Gr\u00e8s <\/span>\n\t\t\t\t<span class=\"elementor-headline-dynamic-wrapper elementor-headline-text-wrapper\">\n\t\t\t\t\t<span class=\"elementor-headline-dynamic-text elementor-headline-text-active\">dans la presse<\/span>\n\t\t\t\t<\/span>\n\t\t\t\t<\/h1>\n\t\t\t\t\t\t<\/div>\n\t\t\t\t<\/div>\n\t\t\t\t<div class=\"elementor-element elementor-element-f509521 elementor-widget elementor-widget-sina_blogpost\" data-id=\"f509521\" data-element_type=\"widget\" data-e-type=\"widget\" data-widget_type=\"sina_blogpost.default\">\n\t\t\t\t<div class=\"elementor-widget-container\">\n\t\t\t\t\t\t\t\t<div class=\"sina-blogpost sina-bp-f509521\"\r\n\t\t\tdata-uid=\"f509521\"\r\n\t\t\tdata-offset=\"12\"\r\n\t\t\tdata-posts-data='{\"post_type\":\"post\",\"posts_num\":12,\"offset\":12,\"total_posts\":44,\"layout\":\"grid\",\"columns\":\"4\",\"layout_type\":\"default\",\"custom_columns\":null,\"categories\":[\"10\"],\"tags\":[],\"order_by\":\"date\",\"sort\":\"DESC\",\"posts_text\":\"\",\"excerpt\":null,\"content_length\":null,\"posts_meta\":\"\",\"thumb_right\":null,\"is_thumb\":\"yes\",\"read_more_effect\":\"\",\"read_more_text\":\"\",\"read_more_icon\":\"\",\"read_more_icon_align\":null,\"effects\":\"\",\"cats_position\":null,\"cats_icon\":null,\"posts_avatar\":null,\"avatar_size\":null,\"read_btn_bg_layer_effects\":null,\"bg_layer_effects\":\"\"}'>\r\n\t\t\t\t<div class=\"sina-bp-grid\">\r\n\t\t\t\t\t<div class=\"sina-bp-grid-sizer\"><\/div>\r\n\t\t\t\t\t\t\t\t\t\t\t\t<div class=\"sina-bp-col sina-bp-item-4 \">\r\n\t\t<div class=\"sina-bp \">\r\n\t\t\t\t\t\t\t<div class=\"sina-bg-thumb\">\r\n\t\t\t\t\t<img decoding=\"async\" src=\"https:\/\/www.mourguesdugres.com\/wp-content\/uploads\/2022\/09\/logo-la-tulipe-rouge.png\" alt=\"La Tulipe Rouge &#8211; Guide 2024\">\r\n\t\t\t\t\t<div class=\"sina-overlay\">\r\n\t\t\t\t\t\t<a href=\"https:\/\/www.mourguesdugres.com\/en\/la-tulipe-rouge-guide-2024\"><\/a>\r\n\t\t\t\t\t<\/div>\r\n\t\t\t\t<\/div>\r\n\t\t\t\t\t\t<div class=\"sina-bp-content\">\r\n\t\t\t\t\t\t\t\t<h2 class=\"sina-bp-title\">\r\n\t\t\t\t\t<a href=\"https:\/\/www.mourguesdugres.com\/en\/la-tulipe-rouge-guide-2024\">La Tulipe Rouge &#8211; Guide 2024<\/a>\r\n\t\t\t\t<\/h2>\r\n\t\t\t\t\r\n\t\t\t\t\r\n\t\t\t\t\t\t\t\t\t\t\t<\/div>\r\n\t\t<\/div>\r\n\t<\/div>\r\n\t<div class=\"sina-bp-col sina-bp-item-4 \">\r\n\t\t<div class=\"sina-bp \">\r\n\t\t\t\t\t\t\t<div class=\"sina-bg-thumb\">\r\n\t\t\t\t\t<img decoding=\"async\" src=\"https:\/\/www.mourguesdugres.com\/wp-content\/uploads\/2024\/09\/BettaneDesseauve-2025.jpg\" alt=\"Le Nouveau Bettane+Desseauve 2025\">\r\n\t\t\t\t\t<div class=\"sina-overlay\">\r\n\t\t\t\t\t\t<a href=\"https:\/\/www.mourguesdugres.com\/en\/le-nouveau-bettanedesseauve-2025\"><\/a>\r\n\t\t\t\t\t<\/div>\r\n\t\t\t\t<\/div>\r\n\t\t\t\t\t\t<div class=\"sina-bp-content\">\r\n\t\t\t\t\t\t\t\t<h2 class=\"sina-bp-title\">\r\n\t\t\t\t\t<a href=\"https:\/\/www.mourguesdugres.com\/en\/le-nouveau-bettanedesseauve-2025\">Le Nouveau Bettane+Desseauve 2025<\/a>\r\n\t\t\t\t<\/h2>\r\n\t\t\t\t\r\n\t\t\t\t\r\n\t\t\t\t\t\t\t\t\t\t\t<\/div>\r\n\t\t<\/div>\r\n\t<\/div>\r\n\t<div class=\"sina-bp-col sina-bp-item-4 \">\r\n\t\t<div class=\"sina-bp \">\r\n\t\t\t\t\t\t\t<div class=\"sina-bg-thumb\">\r\n\t\t\t\t\t<img decoding=\"async\" src=\"https:\/\/www.mourguesdugres.com\/wp-content\/uploads\/2024\/09\/DGH-Logo.png\" alt=\"Fleur d&rsquo;Eglantine Ros\u00e9 2023 &#8211; De Grote Hamersma\">\r\n\t\t\t\t\t<div class=\"sina-overlay\">\r\n\t\t\t\t\t\t<a href=\"https:\/\/www.mourguesdugres.com\/en\/fleur-deglantine-rose-2023-de-grote-hamersma\"><\/a>\r\n\t\t\t\t\t<\/div>\r\n\t\t\t\t<\/div>\r\n\t\t\t\t\t\t<div class=\"sina-bp-content\">\r\n\t\t\t\t\t\t\t\t<h2 class=\"sina-bp-title\">\r\n\t\t\t\t\t<a href=\"https:\/\/www.mourguesdugres.com\/en\/fleur-deglantine-rose-2023-de-grote-hamersma\">Fleur d&rsquo;Eglantine Ros\u00e9 2023 &#8211; De Grote Hamersma<\/a>\r\n\t\t\t\t<\/h2>\r\n\t\t\t\t\r\n\t\t\t\t\r\n\t\t\t\t\t\t\t\t\t\t\t<\/div>\r\n\t\t<\/div>\r\n\t<\/div>\r\n\t<div class=\"sina-bp-col sina-bp-item-4 \">\r\n\t\t<div class=\"sina-bp \">\r\n\t\t\t\t\t\t\t<div class=\"sina-bg-thumb\">\r\n\t\t\t\t\t<img decoding=\"async\" src=\"https:\/\/www.mourguesdugres.com\/wp-content\/uploads\/2024\/09\/Le-Figaro-Vin.png\" alt=\"Capitelle Blanc 2021 &#8211; Le Figaro Vins\">\r\n\t\t\t\t\t<div class=\"sina-overlay\">\r\n\t\t\t\t\t\t<a href=\"https:\/\/www.mourguesdugres.com\/en\/capitelle-blanc-2021-le-figaro-vins\"><\/a>\r\n\t\t\t\t\t<\/div>\r\n\t\t\t\t<\/div>\r\n\t\t\t\t\t\t<div class=\"sina-bp-content\">\r\n\t\t\t\t\t\t\t\t<h2 class=\"sina-bp-title\">\r\n\t\t\t\t\t<a href=\"https:\/\/www.mourguesdugres.com\/en\/capitelle-blanc-2021-le-figaro-vins\">Capitelle Blanc 2021 &#8211; Le Figaro Vins<\/a>\r\n\t\t\t\t<\/h2>\r\n\t\t\t\t\r\n\t\t\t\t\r\n\t\t\t\t\t\t\t\t\t\t\t<\/div>\r\n\t\t<\/div>\r\n\t<\/div>\r\n\t<div class=\"sina-bp-col sina-bp-item-4 \">\r\n\t\t<div class=\"sina-bp \">\r\n\t\t\t\t\t\t\t<div class=\"sina-bg-thumb\">\r\n\t\t\t\t\t<img decoding=\"async\" src=\"https:\/\/www.mourguesdugres.com\/wp-content\/uploads\/2022\/09\/logo-terre-de-vin.png\" alt=\"Concours Terre de Vins 2024\">\r\n\t\t\t\t\t<div class=\"sina-overlay\">\r\n\t\t\t\t\t\t<a href=\"https:\/\/www.mourguesdugres.com\/en\/concours-terre-de-vins-2024\"><\/a>\r\n\t\t\t\t\t<\/div>\r\n\t\t\t\t<\/div>\r\n\t\t\t\t\t\t<div class=\"sina-bp-content\">\r\n\t\t\t\t\t\t\t\t<h2 class=\"sina-bp-title\">\r\n\t\t\t\t\t<a href=\"https:\/\/www.mourguesdugres.com\/en\/concours-terre-de-vins-2024\">Concours Terre de Vins 2024<\/a>\r\n\t\t\t\t<\/h2>\r\n\t\t\t\t\r\n\t\t\t\t\r\n\t\t\t\t\t\t\t\t\t\t\t<\/div>\r\n\t\t<\/div>\r\n\t<\/div>\r\n\t<div class=\"sina-bp-col sina-bp-item-4 \">\r\n\t\t<div class=\"sina-bp \">\r\n\t\t\t\t\t\t\t<div class=\"sina-bg-thumb\">\r\n\t\t\t\t\t<img decoding=\"async\" src=\"https:\/\/www.mourguesdugres.com\/wp-content\/uploads\/2024\/09\/Guide-Hachette-des-Vins-2025.png\" alt=\"Guide Hachette des Vins 2025\">\r\n\t\t\t\t\t<div class=\"sina-overlay\">\r\n\t\t\t\t\t\t<a href=\"https:\/\/www.mourguesdugres.com\/en\/guide-hachette-des-vins-2025\"><\/a>\r\n\t\t\t\t\t<\/div>\r\n\t\t\t\t<\/div>\r\n\t\t\t\t\t\t<div class=\"sina-bp-content\">\r\n\t\t\t\t\t\t\t\t<h2 class=\"sina-bp-title\">\r\n\t\t\t\t\t<a href=\"https:\/\/www.mourguesdugres.com\/en\/guide-hachette-des-vins-2025\">Guide Hachette des Vins 2025<\/a>\r\n\t\t\t\t<\/h2>\r\n\t\t\t\t\r\n\t\t\t\t\r\n\t\t\t\t\t\t\t\t\t\t\t<\/div>\r\n\t\t<\/div>\r\n\t<\/div>\r\n\t<div class=\"sina-bp-col sina-bp-item-4 \">\r\n\t\t<div class=\"sina-bp \">\r\n\t\t\t\t\t\t\t<div class=\"sina-bg-thumb\">\r\n\t\t\t\t\t<img decoding=\"async\" src=\"https:\/\/www.mourguesdugres.com\/wp-content\/uploads\/2022\/10\/dussert-et-gerber-2023.jpg\" alt=\"Guide Dussert-Gerber des Vins 2023 &#8211; Classement Vall\u00e9e du Rh\u00f4ne\">\r\n\t\t\t\t\t<div class=\"sina-overlay\">\r\n\t\t\t\t\t\t<a href=\"https:\/\/www.mourguesdugres.com\/en\/guide-dussert-gerber-des-vins-2023-classement-vallee-du-rhone\"><\/a>\r\n\t\t\t\t\t<\/div>\r\n\t\t\t\t<\/div>\r\n\t\t\t\t\t\t<div class=\"sina-bp-content\">\r\n\t\t\t\t\t\t\t\t<h2 class=\"sina-bp-title\">\r\n\t\t\t\t\t<a href=\"https:\/\/www.mourguesdugres.com\/en\/guide-dussert-gerber-des-vins-2023-classement-vallee-du-rhone\">Guide Dussert-Gerber des Vins 2023 &#8211; Classement Vall\u00e9e du Rh\u00f4ne<\/a>\r\n\t\t\t\t<\/h2>\r\n\t\t\t\t\r\n\t\t\t\t\r\n\t\t\t\t\t\t\t\t\t\t\t<\/div>\r\n\t\t<\/div>\r\n\t<\/div>\r\n\t<div class=\"sina-bp-col sina-bp-item-4 \">\r\n\t\t<div class=\"sina-bp \">\r\n\t\t\t\t\t\t\t<div class=\"sina-bg-thumb\">\r\n\t\t\t\t\t<img decoding=\"async\" src=\"https:\/\/www.mourguesdugres.com\/wp-content\/uploads\/2022\/09\/logo-terre-de-vin.png\" alt=\"Article Terre de Vin &#8211; Fleur d&rsquo;Aup\u00e9bine IGP Pont du Gard 2022\">\r\n\t\t\t\t\t<div class=\"sina-overlay\">\r\n\t\t\t\t\t\t<a href=\"https:\/\/www.mourguesdugres.com\/en\/article-terre-de-vin-fleur-daupebine-igp-pont-du-gard-2022\"><\/a>\r\n\t\t\t\t\t<\/div>\r\n\t\t\t\t<\/div>\r\n\t\t\t\t\t\t<div class=\"sina-bp-content\">\r\n\t\t\t\t\t\t\t\t<h2 class=\"sina-bp-title\">\r\n\t\t\t\t\t<a href=\"https:\/\/www.mourguesdugres.com\/en\/article-terre-de-vin-fleur-daupebine-igp-pont-du-gard-2022\">Article Terre de Vin &#8211; Fleur d&rsquo;Aup\u00e9bine IGP Pont du Gard 2022<\/a>\r\n\t\t\t\t<\/h2>\r\n\t\t\t\t\r\n\t\t\t\t\r\n\t\t\t\t\t\t\t\t\t\t\t<\/div>\r\n\t\t<\/div>\r\n\t<\/div>\r\n\t<div class=\"sina-bp-col sina-bp-item-4 \">\r\n\t\t<div class=\"sina-bp \">\r\n\t\t\t\t\t\t\t<div class=\"sina-bg-thumb\">\r\n\t\t\t\t\t<img decoding=\"async\" src=\"https:\/\/www.mourguesdugres.com\/wp-content\/uploads\/2022\/09\/Guide-Hachette-des-Vins-2023.jpg\" alt=\"Guide Hachette des vins 2023\">\r\n\t\t\t\t\t<div class=\"sina-overlay\">\r\n\t\t\t\t\t\t<a href=\"https:\/\/www.mourguesdugres.com\/en\/guide-hachette-des-vins-2023\"><\/a>\r\n\t\t\t\t\t<\/div>\r\n\t\t\t\t<\/div>\r\n\t\t\t\t\t\t<div class=\"sina-bp-content\">\r\n\t\t\t\t\t\t\t\t<h2 class=\"sina-bp-title\">\r\n\t\t\t\t\t<a href=\"https:\/\/www.mourguesdugres.com\/en\/guide-hachette-des-vins-2023\">Guide Hachette des vins 2023<\/a>\r\n\t\t\t\t<\/h2>\r\n\t\t\t\t\r\n\t\t\t\t\r\n\t\t\t\t\t\t\t\t\t\t\t<\/div>\r\n\t\t<\/div>\r\n\t<\/div>\r\n\t<div class=\"sina-bp-col sina-bp-item-4 \">\r\n\t\t<div class=\"sina-bp \">\r\n\t\t\t\t\t\t\t<div class=\"sina-bg-thumb\">\r\n\t\t\t\t\t<img decoding=\"async\" src=\"https:\/\/www.mourguesdugres.com\/wp-content\/uploads\/2022\/09\/gilbert-et-gaillard.png\" alt=\"Gilbert &#038; Gaillard 2022\">\r\n\t\t\t\t\t<div class=\"sina-overlay\">\r\n\t\t\t\t\t\t<a href=\"https:\/\/www.mourguesdugres.com\/en\/gilbert-gaillard-2022\"><\/a>\r\n\t\t\t\t\t<\/div>\r\n\t\t\t\t<\/div>\r\n\t\t\t\t\t\t<div class=\"sina-bp-content\">\r\n\t\t\t\t\t\t\t\t<h2 class=\"sina-bp-title\">\r\n\t\t\t\t\t<a href=\"https:\/\/www.mourguesdugres.com\/en\/gilbert-gaillard-2022\">Gilbert &#038; Gaillard 2022<\/a>\r\n\t\t\t\t<\/h2>\r\n\t\t\t\t\r\n\t\t\t\t\r\n\t\t\t\t\t\t\t\t\t\t\t<\/div>\r\n\t\t<\/div>\r\n\t<\/div>\r\n\t<div class=\"sina-bp-col sina-bp-item-4 \">\r\n\t\t<div class=\"sina-bp \">\r\n\t\t\t\t\t\t\t<div class=\"sina-bg-thumb\">\r\n\t\t\t\t\t<img decoding=\"async\" src=\"https:\/\/www.mourguesdugres.com\/wp-content\/uploads\/2022\/09\/logo-terre-de-vin.png\" alt=\"Concours Terre de Vin 2022\">\r\n\t\t\t\t\t<div class=\"sina-overlay\">\r\n\t\t\t\t\t\t<a href=\"https:\/\/www.mourguesdugres.com\/en\/concours-terre-de-vin-2022\"><\/a>\r\n\t\t\t\t\t<\/div>\r\n\t\t\t\t<\/div>\r\n\t\t\t\t\t\t<div class=\"sina-bp-content\">\r\n\t\t\t\t\t\t\t\t<h2 class=\"sina-bp-title\">\r\n\t\t\t\t\t<a href=\"https:\/\/www.mourguesdugres.com\/en\/concours-terre-de-vin-2022\">Concours Terre de Vin 2022<\/a>\r\n\t\t\t\t<\/h2>\r\n\t\t\t\t\r\n\t\t\t\t\r\n\t\t\t\t\t\t\t\t\t\t\t<\/div>\r\n\t\t<\/div>\r\n\t<\/div>\r\n\t<div class=\"sina-bp-col sina-bp-item-4 \">\r\n\t\t<div class=\"sina-bp \">\r\n\t\t\t\t\t\t\t<div class=\"sina-bg-thumb\">\r\n\t\t\t\t\t<img decoding=\"async\" src=\"https:\/\/www.mourguesdugres.com\/wp-content\/uploads\/2022\/09\/Guide-Hachette-des-Vins-2022.jpg\" alt=\"Guide Hachette 2022\">\r\n\t\t\t\t\t<div class=\"sina-overlay\">\r\n\t\t\t\t\t\t<a href=\"https:\/\/www.mourguesdugres.com\/en\/guide-hachette-2022\"><\/a>\r\n\t\t\t\t\t<\/div>\r\n\t\t\t\t<\/div>\r\n\t\t\t\t\t\t<div class=\"sina-bp-content\">\r\n\t\t\t\t\t\t\t\t<h2 class=\"sina-bp-title\">\r\n\t\t\t\t\t<a href=\"https:\/\/www.mourguesdugres.com\/en\/guide-hachette-2022\">Guide Hachette 2022<\/a>\r\n\t\t\t\t<\/h2>\r\n\t\t\t\t\r\n\t\t\t\t\r\n\t\t\t\t\t\t\t\t\t\t\t<\/div>\r\n\t\t<\/div>\r\n\t<\/div>\r\n\t\t\t\t\t\t\t\t\t\t\t\t\t\t<\/div>\r\n\r\n\t\t\t\t\r\n\t\t\t\t\t\t\t\t\t<div class=\"sina-bp-pagination\">\r\n\t\t\t\t\t\t<a aria-current=\"page\" class=\"page-numbers current\">1<\/a>\n<a class=\"page-numbers\" href=\"https:\/\/www.mourguesdugres.com\/en\/wp-json\/wp\/v2\/pages\/1085\/page\/2\">2<\/a>\n<a class=\"page-numbers\" href=\"https:\/\/www.mourguesdugres.com\/en\/wp-json\/wp\/v2\/pages\/1085\/page\/3\">3<\/a>\n<a class=\"page-numbers\" href=\"https:\/\/www.mourguesdugres.com\/en\/wp-json\/wp\/v2\/pages\/1085\/page\/4\">4<\/a>\t\t\t\t\t<\/div>\r\n\t\t\t\t\t\t\t\t<input type=\"hidden\" id=\"sina_load_more_postsf509521\" name=\"sina_load_more_postsf509521\" value=\"a87a550f96\" \/><input type=\"hidden\" name=\"_wp_http_referer\" value=\"\/en\/wp-json\/wp\/v2\/pages\/1085\" \/>\t\t\t<\/div><!-- .sina-blogpost -->\r\n\t\t\t\t\t\t\t<\/div>\n\t\t\t\t<\/div>\n\t\t\t\t\t<\/div>\n\t\t<\/div>\n\t\t\t\t\t<\/div>\n\t\t<\/section>\n\t\t\t\t<\/div>\n\t\t","protected":false},"excerpt":{"rendered":"<p>Mourgues du Gr\u00e8s dans la presse Fleur d&rsquo;Eglantine Ros\u00e9 2023 &#8211; De Grote Hamersma Capitelle Blanc 2021 &#8211; Le Figaro Vins Concours Terre de Vins 2024 Guide Hachette des Vins 2025 Guide Dussert-Gerber des Vins 2023 &#8211; Classement Vall\u00e9e du Rh\u00f4ne Article Terre de Vin &#8211; Fleur d&rsquo;Aup\u00e9bine IGP Pont du Gard 2022 Guide Hachette [&hellip;]<\/p>\n","protected":false},"author":1,"featured_media":0,"parent":0,"menu_order":0,"comment_status":"closed","ping_status":"closed","template":"elementor_theme","meta":{"site-sidebar-layout":"no-sidebar","site-content-layout":"page-builder","ast-site-content-layout":"default","site-content-style":"default","site-sidebar-style":"default","ast-global-header-display":"","ast-banner-title-visibility":"","ast-main-header-display":"","ast-hfb-above-header-display":"","ast-hfb-below-header-display":"","ast-hfb-mobile-header-display":"","site-post-title":"disabled","ast-breadcrumbs-content":"","ast-featured-img":"disabled","footer-sml-layout":"","ast-disable-related-posts":"","theme-transparent-header-meta":"","adv-header-id-meta":"","stick-header-meta":"","header-above-stick-meta":"","header-main-stick-meta":"","header-below-stick-meta":"","astra-migrate-meta-layouts":"default","ast-page-background-enabled":"default","ast-page-background-meta":{"desktop":{"background-color":"","background-image":"","background-repeat":"repeat","background-position":"center center","background-size":"auto","background-attachment":"scroll","background-type":"","background-media":"","overlay-type":"","overlay-color":"","overlay-opacity":"","overlay-gradient":""},"tablet":{"background-color":"","background-image":"","background-repeat":"repeat","background-position":"center center","background-size":"auto","background-attachment":"scroll","background-type":"","background-media":"","overlay-type":"","overlay-color":"","overlay-opacity":"","overlay-gradient":""},"mobile":{"background-color":"","background-image":"","background-repeat":"repeat","background-position":"center center","background-size":"auto","background-attachment":"scroll","background-type":"","background-media":"","overlay-type":"","overlay-color":"","overlay-opacity":"","overlay-gradient":""}},"ast-content-background-meta":{"desktop":{"background-color":"var(--ast-global-color-5)","background-image":"","background-repeat":"repeat","background-position":"center center","background-size":"auto","background-attachment":"scroll","background-type":"","background-media":"","overlay-type":"","overlay-color":"","overlay-opacity":"","overlay-gradient":""},"tablet":{"background-color":"var(--ast-global-color-5)","background-image":"","background-repeat":"repeat","background-position":"center center","background-size":"auto","background-attachment":"scroll","background-type":"","background-media":"","overlay-type":"","overlay-color":"","overlay-opacity":"","overlay-gradient":""},"mobile":{"background-color":"var(--ast-global-color-5)","background-image":"","background-repeat":"repeat","background-position":"center center","background-size":"auto","background-attachment":"scroll","background-type":"","background-media":"","overlay-type":"","overlay-color":"","overlay-opacity":"","overlay-gradient":""}},"footnotes":""},"class_list":["post-1085","page","type-page","status-publish","hentry"],"_links":{"self":[{"href":"https:\/\/www.mourguesdugres.com\/en\/wp-json\/wp\/v2\/pages\/1085","targetHints":{"allow":["GET"]}}],"collection":[{"href":"https:\/\/www.mourguesdugres.com\/en\/wp-json\/wp\/v2\/pages"}],"about":[{"href":"https:\/\/www.mourguesdugres.com\/en\/wp-json\/wp\/v2\/types\/page"}],"author":[{"embeddable":true,"href":"https:\/\/www.mourguesdugres.com\/en\/wp-json\/wp\/v2\/users\/1"}],"replies":[{"embeddable":true,"href":"https:\/\/www.mourguesdugres.com\/en\/wp-json\/wp\/v2\/comments?post=1085"}],"version-history":[{"count":28,"href":"https:\/\/www.mourguesdugres.com\/en\/wp-json\/wp\/v2\/pages\/1085\/revisions"}],"predecessor-version":[{"id":8448,"href":"https:\/\/www.mourguesdugres.com\/en\/wp-json\/wp\/v2\/pages\/1085\/revisions\/8448"}],"wp:attachment":[{"href":"https:\/\/www.mourguesdugres.com\/en\/wp-json\/wp\/v2\/media?parent=1085"}],"curies":[{"name":"wp","href":"https:\/\/api.w.org\/{rel}","templated":true}]}}