{"id":2485,"date":"2022-05-01T19:09:03","date_gmt":"2022-05-01T17:09:03","guid":{"rendered":"https:\/\/demo.mourguesdugres.com\/?page_id=2485"},"modified":"2025-12-16T11:01:20","modified_gmt":"2025-12-16T10:01:20","slug":"terre-de-feu","status":"publish","type":"page","link":"https:\/\/www.mourguesdugres.com\/en\/terre-de-feu","title":{"rendered":"Terre de Feu"},"content":{"rendered":"<p><img fetchpriority=\"high\" decoding=\"async\" width=\"935\" height=\"800\" src=\"https:\/\/www.mourguesdugres.com\/wp-content\/uploads\/2022\/05\/bouteille-inclinee-terrefeu.webp\" alt=\"\" srcset=\"https:\/\/www.mourguesdugres.com\/wp-content\/uploads\/2022\/05\/bouteille-inclinee-terrefeu.webp 935w, https:\/\/www.mourguesdugres.com\/wp-content\/uploads\/2022\/05\/bouteille-inclinee-terrefeu-600x513.webp 600w, https:\/\/www.mourguesdugres.com\/wp-content\/uploads\/2022\/05\/bouteille-inclinee-terrefeu-300x257.webp 300w, https:\/\/www.mourguesdugres.com\/wp-content\/uploads\/2022\/05\/bouteille-inclinee-terrefeu-768x657.webp 768w\" sizes=\"(max-width: 935px) 100vw, 935px\" \/>\t\t\t\t\t\t\t\t\t\t\t\t\t\t\t<\/p>\n<h1>Terre de Feu<\/h1>\n<h2>Aromatic generosity and structure<br \/>\n<\/h2>\n<p class=\"translation-block\">The first vintage of the Terre de Feu is linked to summer conditions particularly favourable to the ripening of the Grenache, with a dry and hot summer in 2003.\nDuring the assemblage, the originality and the richness of the Grenache encouraged us to preserve its purity. Therefore, Terre de Feu is an exceptional vintage that is produced when the Grenache vines display small, concentrated berries.\nOur oldest Grenache Noir vines (50 years) are located on a steep hill facing due south, where the rounded stones (gr\u00e8s) lie on clayey soil. And so, the vines draw from the depths the freshness and the moisture necessary for the right balance of the wine, even for hot and dry vintages.<\/p>\n<p>\t\t\t\t\t<a href=\"https:\/\/www.mourguesdugres.com\/wp-content\/uploads\/2023\/08\/Fiche-TF-presse-1.pdf\" target=\"_blank\"><br \/>\n\t\t\t\t\t\t\t\t\tDownload the sheet<br \/>\n\t\t\t\t\t<\/a><br \/>\n\t\t\t\t\t\t\t\t\t\t\t\t\t\t\t<img decoding=\"async\" width=\"100\" height=\"100\" src=\"https:\/\/www.mourguesdugres.com\/wp-content\/uploads\/2022\/04\/ico_robe-orange.png\" alt=\"\" \/>\t\t\t\t\t\t\t\t\t\t\t\t\t\t\t<\/p>\n<h2>Appearance<\/h2>\n<p>A beautiful deep ruby.<\/p>\n<p>\u00a0<br \/>\n\t\t\t\t\t\t\t\t\t\t\t\t\t\t\t<img decoding=\"async\" width=\"100\" height=\"100\" src=\"https:\/\/www.mourguesdugres.com\/wp-content\/uploads\/2022\/04\/ico_nez-orange.png\" alt=\"\" \/>\t\t\t\t\t\t\t\t\t\t\t\t\t\t\t<\/p>\n<h2>Bouquet<\/h2>\n<p>Strong, harmonious and deep with aromas of raspberry liqueur and crisp cherry, garrigue and dark chocolate along with peppermint.<\/p>\n<p>\t\t\t\t\t\t\t\t\t\t\t\t\t\t\t<img loading=\"lazy\" decoding=\"async\" width=\"100\" height=\"100\" src=\"https:\/\/www.mourguesdugres.com\/wp-content\/uploads\/2022\/04\/ico_bouche-orange.png\" alt=\"\" \/>\t\t\t\t\t\t\t\t\t\t\t\t\t\t\t<\/p>\n<h2>Palate<\/h2>\n<p>Generously fruity with elegant, firm and silky tannins. Notes of menthol and chocolate.<\/p>\n<p>\t\t\t\t\t\t\t\t\t\t\t\t\t\t\t<img loading=\"lazy\" decoding=\"async\" width=\"100\" height=\"100\" src=\"https:\/\/www.mourguesdugres.com\/wp-content\/uploads\/2022\/04\/ico_accords-orange.png\" alt=\"\" \/>\t\t\t\t\t\t\t\t\t\t\t\t\t\t\t<\/p>\n<h2>Food Pairing<\/h2>\n<p class=\"translation-block\">Pairs with sweet and savoury dishes: duck breast and figs, game, cheeses (Roquefort) or desserts (red fruit sorbets, chocolate cake).\nEmmanuel Laporte in Florence Hernandez\u2019s \u2018Vins et Chocolat\u2019 pairs it with a chocolate lamb saut\u00e9e.<\/p>\n<p>\t\t\t\t\t\t\t\t\t\t\t\t\t\t\t<img loading=\"lazy\" decoding=\"async\" width=\"100\" height=\"100\" src=\"https:\/\/www.mourguesdugres.com\/wp-content\/uploads\/2022\/04\/ico_garde-orange.png\" alt=\"\" \/>\t\t\t\t\t\t\t\t\t\t\t\t\t\t\t<\/p>\n<h2>Ageing<\/h2>\n<p>Enjoy now or over 10 years.<\/p>\n<p>\u00a0\t\t<\/p>\n<h2>AOP Costi\u00e8res de N\u00eemes Rouge<\/h2>\n<h2>Old Grenache vines with a touch of Carignan<br \/>\n<\/h2>\n<p>Selon le mill\u00e9sime, du Mourv\u00e8dre ou de la Syrah compl\u00e8tent cet assemblage (cf fiche technique).<br \/>Le Grenache est tr\u00e8s expressif et original avec des ar\u00f4mes de framboise et de cacao.<br \/>Il est assembl\u00e9 avec des vieilles vignes de Mourv\u00e8dre et de Carignan pour parfaire son \u00e9quilibre. Les vendanges se font manuellement \u00e0 belle maturit\u00e9.<br \/>L\u2019\u00e9levage est r\u00e9alis\u00e9 pour moiti\u00e9 en cuve et l\u2019autre part en f\u00fbts de plus de 4 vins afin d\u2019accro\u00eetre sa complexit\u00e9 aromatique et son \u00e9l\u00e9gance.&nbsp;Travail du vin avec des faibles teneurs en sulfites pour davantage de puret\u00e9 et d\u2019\u00e9clat du fruit.<\/p>\n<p>\t\t\t\t\t\t\t\t\t\t\t\t\t\t\t<img loading=\"lazy\" decoding=\"async\" width=\"885\" height=\"500\" src=\"https:\/\/www.mourguesdugres.com\/wp-content\/uploads\/2025\/01\/magret.jpg\" alt=\"\" srcset=\"https:\/\/www.mourguesdugres.com\/wp-content\/uploads\/2025\/01\/magret.jpg 885w, https:\/\/www.mourguesdugres.com\/wp-content\/uploads\/2025\/01\/magret-300x169.jpg 300w, https:\/\/www.mourguesdugres.com\/wp-content\/uploads\/2025\/01\/magret-768x434.jpg 768w, https:\/\/www.mourguesdugres.com\/wp-content\/uploads\/2025\/01\/magret-18x10.jpg 18w\" sizes=\"(max-width: 885px) 100vw, 885px\" \/>\t\t\t\t\t\t\t\t\t\t\t\t\t\t\t<\/p>\n<p>Id\u00e9es de recettes :<\/p>\n<p>Magret aux figues fra\u00eeches<\/p>\n<p>Aubergines r\u00f4ties au s\u00e9same<\/p>\n<p>Agneau de lait au cacao<\/p>\n<h2>Guide La Tulipe Rouge<\/h2>\n<p>\t\t\t\t\t\t\t\u00abUne cuv\u00e9e si bien nomm\u00e9e et pourtant si \u00e9loign\u00e9e des parfums<br \/>\nd\u00e9licats, presque bourguignons, de fruits rouges et de fleurs<br \/>\ns\u00e9ch\u00e9es ! Ample et d\u00e9licat en attaque, la mati\u00e8re gagne en densit\u00e9<br \/>\net d\u00e9ploie de longs tanins cisel\u00e9s qui soutiennent un fruit frais<br \/>\nd\u2019une grande puret\u00e9. Une pointe saline apporte une dimension<br \/>\n\u00abmin\u00e9rale\u00bb \u00e0 la d\u00e9gustation et finit d\u2019achever les contours raffin\u00e9s<br \/>\nde ce vin remarquable.\u00bb<br \/>\nMill\u00e9sime 2018<br \/>\n\t\t\t\t\t\t\t\t\t\t\t\t\t\tNote : 4 Tulipes<\/p>\n<h2>Guide Dussert &amp; Gerber<br \/>\n<\/h2>\n<p>\t\t\t\t\t\t\t\u00abLe Costi\u00e8res-de-N\u00eemes rouge Terre de Feu 2017, cors\u00e9, d\u2019une<br \/>\nbelle robe aux reflets brillants, un vin gras qui lib\u00e8re des ar\u00f4mes de<br \/>\nfruits tr\u00e8s m\u00fbrs et de garrigue, avec des tanins ronds, de bouche<br \/>\ntyp\u00e9e.\u00bb<br \/>\nMill\u00e9sime 2017<\/p>\n<h2>Wine Enthusiast<\/h2>\n<p>\t\t\t\t\t\t\tMill\u00e9sime 2017<br \/>\n\t\t\t\t\t\t\t\t\t\t\t\t\t\tNote : 80\/100<br \/>\n\t\t\t\t\t\t\t\t\t\t\t\t\t\t\t<img loading=\"lazy\" decoding=\"async\" width=\"267\" height=\"114\" src=\"https:\/\/www.mourguesdugres.com\/wp-content\/uploads\/2022\/05\/logos-verts-europe-ab.webp\" alt=\"\" \/>\t\t\t\t\t\t\t\t\t\t\t\t\t\t\t<\/p>\n<p>Available in <strong>Magnum, 75 cl, 50 cl<\/strong><\/p>\n<p>\t\t\t\t\t<a href=\"https:\/\/www.mourguesdugres.com\/en\/commander\/\"><br \/>\n\t\t\t\t\t\t\t\t\tTrouver &#038; commander<br \/>\n\t\t\t\t\t<\/a><br \/>\n\t\t\t\t\t\t\t\t\t\t\t\t\t\t\t\t<a href=\"https:\/\/www.mourguesdugres.com\/en\/equinoxe\/\"><br \/>\n\t\t\t\t\t\t\t<img loading=\"lazy\" decoding=\"async\" width=\"93\" height=\"300\" src=\"https:\/\/www.mourguesdugres.com\/wp-content\/uploads\/2022\/05\/bouteille_equ_ombre-93x300.webp\" alt=\"\" \/>\t\t\t\t\t\t\t\t<\/a><br \/>\n\t\t\t\t\t\t\t\t\t\t\t\t\t\t\t\t<a href=\"https:\/\/www.mourguesdugres.com\/en\/capitelles-des-mourgues\/\"><br \/>\n\t\t\t\t\t\t\t<img loading=\"lazy\" decoding=\"async\" width=\"93\" height=\"300\" src=\"https:\/\/www.mourguesdugres.com\/wp-content\/uploads\/2022\/05\/bouteille_carg_ombre-93x300.webp\" alt=\"\" \/>\t\t\t\t\t\t\t\t<\/a><\/p>\n<h2>Si vous avez aim\u00e9&#8230;<\/h2>","protected":false},"excerpt":{"rendered":"<p>Terre de Feu La g\u00e9n\u00e9rosit\u00e9 aromatique et la mati\u00e8re Le premier mill\u00e9sime de\u00a0Terre de Feu\u00a0est li\u00e9 aux conditions estivales particuli\u00e8rement favorables \u00e0 la maturit\u00e9 du Grenache, avec un \u00e9t\u00e9 sec et chaud en 2003.Lors des assemblages, l\u2019originalit\u00e9 et la richesse du Grenache nous ont incit\u00e9s \u00e0 garder sa puret\u00e9. Terre de Feu est donc une [&hellip;]<\/p>\n","protected":false},"author":1,"featured_media":0,"parent":0,"menu_order":0,"comment_status":"closed","ping_status":"closed","template":"","meta":{"site-sidebar-layout":"no-sidebar","site-content-layout":"page-builder","ast-site-content-layout":"full-width-container","site-content-style":"unboxed","site-sidebar-style":"unboxed","ast-global-header-display":"","ast-banner-title-visibility":"","ast-main-header-display":"","ast-hfb-above-header-display":"","ast-hfb-below-header-display":"","ast-hfb-mobile-header-display":"","site-post-title":"disabled","ast-breadcrumbs-content":"","ast-featured-img":"disabled","footer-sml-layout":"","ast-disable-related-posts":"","theme-transparent-header-meta":"","adv-header-id-meta":"","stick-header-meta":"","header-above-stick-meta":"","header-main-stick-meta":"","header-below-stick-meta":"","astra-migrate-meta-layouts":"set","ast-page-background-enabled":"default","ast-page-background-meta":{"desktop":{"background-color":"","background-image":"","background-repeat":"repeat","background-position":"center center","background-size":"auto","background-attachment":"scroll","background-type":"","background-media":"","overlay-type":"","overlay-color":"","overlay-opacity":"","overlay-gradient":""},"tablet":{"background-color":"","background-image":"","background-repeat":"repeat","background-position":"center center","background-size":"auto","background-attachment":"scroll","background-type":"","background-media":"","overlay-type":"","overlay-color":"","overlay-opacity":"","overlay-gradient":""},"mobile":{"background-color":"","background-image":"","background-repeat":"repeat","background-position":"center center","background-size":"auto","background-attachment":"scroll","background-type":"","background-media":"","overlay-type":"","overlay-color":"","overlay-opacity":"","overlay-gradient":""}},"ast-content-background-meta":{"desktop":{"background-color":"var(--ast-global-color-5)","background-image":"","background-repeat":"repeat","background-position":"center center","background-size":"auto","background-attachment":"scroll","background-type":"","background-media":"","overlay-type":"","overlay-color":"","overlay-opacity":"","overlay-gradient":""},"tablet":{"background-color":"var(--ast-global-color-5)","background-image":"","background-repeat":"repeat","background-position":"center center","background-size":"auto","background-attachment":"scroll","background-type":"","background-media":"","overlay-type":"","overlay-color":"","overlay-opacity":"","overlay-gradient":""},"mobile":{"background-color":"var(--ast-global-color-5)","background-image":"","background-repeat":"repeat","background-position":"center center","background-size":"auto","background-attachment":"scroll","background-type":"","background-media":"","overlay-type":"","overlay-color":"","overlay-opacity":"","overlay-gradient":""}},"footnotes":""},"class_list":["post-2485","page","type-page","status-publish","hentry"],"_links":{"self":[{"href":"https:\/\/www.mourguesdugres.com\/en\/wp-json\/wp\/v2\/pages\/2485","targetHints":{"allow":["GET"]}}],"collection":[{"href":"https:\/\/www.mourguesdugres.com\/en\/wp-json\/wp\/v2\/pages"}],"about":[{"href":"https:\/\/www.mourguesdugres.com\/en\/wp-json\/wp\/v2\/types\/page"}],"author":[{"embeddable":true,"href":"https:\/\/www.mourguesdugres.com\/en\/wp-json\/wp\/v2\/users\/1"}],"replies":[{"embeddable":true,"href":"https:\/\/www.mourguesdugres.com\/en\/wp-json\/wp\/v2\/comments?post=2485"}],"version-history":[{"count":35,"href":"https:\/\/www.mourguesdugres.com\/en\/wp-json\/wp\/v2\/pages\/2485\/revisions"}],"predecessor-version":[{"id":8872,"href":"https:\/\/www.mourguesdugres.com\/en\/wp-json\/wp\/v2\/pages\/2485\/revisions\/8872"}],"wp:attachment":[{"href":"https:\/\/www.mourguesdugres.com\/en\/wp-json\/wp\/v2\/media?parent=2485"}],"curies":[{"name":"wp","href":"https:\/\/api.w.org\/{rel}","templated":true}]}}